{"id":1576,"date":"2025-10-02T11:32:33","date_gmt":"2025-10-02T11:32:33","guid":{"rendered":"https:\/\/riyadhmetroinfo.com\/?page_id=1576"},"modified":"2025-10-02T11:42:48","modified_gmt":"2025-10-02T11:42:48","slug":"blog","status":"publish","type":"page","link":"https:\/\/riyadhmetroinfo.com\/ar\/blog\/","title":{"rendered":"Blog"},"content":{"rendered":"<div data-elementor-type=\"wp-page\" data-elementor-id=\"1576\" class=\"elementor elementor-1576\">\n\t\t\t\t<div class=\"elementor-element elementor-element-9ebf574 e-con-full e-flex wpr-particle-no wpr-jarallax-no wpr-parallax-no wpr-sticky-section-no e-con e-parent\" data-id=\"9ebf574\" data-element_type=\"container\">\n\t\t<div class=\"elementor-element elementor-element-989abff e-con-full e-flex wpr-particle-no wpr-jarallax-no wpr-parallax-no wpr-sticky-section-no e-con e-child\" data-id=\"989abff\" data-element_type=\"container\" data-settings=\"{&quot;background_background&quot;:&quot;classic&quot;}\">\n\t\t<div class=\"elementor-element elementor-element-ed5c2fd e-flex e-con-boxed wpr-particle-no wpr-jarallax-no wpr-parallax-no wpr-sticky-section-no e-con e-child\" data-id=\"ed5c2fd\" data-element_type=\"container\">\n\t\t\t\t\t<div class=\"e-con-inner\">\n\t\t\t\t<div class=\"elementor-element elementor-element-2493f4a elementor-widget elementor-widget-heading\" data-id=\"2493f4a\" data-element_type=\"widget\" data-widget_type=\"heading.default\">\n\t\t\t\t\t<h1 class=\"elementor-heading-title elementor-size-default\">Our Blog<\/h1>\t\t\t\t<\/div>\n\t\t\t\t\t<\/div>\n\t\t\t\t<\/div>\n\t\t\t\t<\/div>\n\t\t\t\t<\/div>\n\t\t<div class=\"elementor-element elementor-element-aa9f124 e-flex e-con-boxed wpr-particle-no wpr-jarallax-no wpr-parallax-no wpr-sticky-section-no e-con e-parent\" data-id=\"aa9f124\" data-element_type=\"container\">\n\t\t\t\t\t<div class=\"e-con-inner\">\n\t\t\t\t<div class=\"elementor-element elementor-element-74708df wpr-grid-columns-3 wpr-grid-columns--laptop3 wpr-grid-columns--tablet2 wpr-grid-columns--mobile1 wpr-item-styles-inner elementor-widget elementor-widget-wpr-grid\" data-id=\"74708df\" data-element_type=\"widget\" data-widget_type=\"wpr-grid.default\">\n\t\t\t\t\t<ul class=\"wpr-grid-filters elementor-clearfix wpr-grid-filters-sep-right\"><li class=\"wpr-pointer-none wpr-pointer-line-fx wpr-pointer-fx-none\"><span  data-filter=\"*\" class=\"wpr-grid-filters-item wpr-active-filter\">All Posts<\/span><em class=\"wpr-grid-filters-sep\"><\/em><\/li><li class=\"wpr-pointer-none wpr-pointer-line-fx wpr-pointer-fx-none\"><span   data-ajax-filter=\"[\"category\",\"blog\"]\" data-filter=\".category-blog\">Blog<\/span><em class=\"wpr-grid-filters-sep\"><\/em><\/li><\/ul><section class=\"wpr-grid elementor-clearfix\" data-settings=\"{&quot;layout&quot;:&quot;fitRows&quot;,&quot;stick_last_element_to_bottom&quot;:&quot;&quot;,&quot;columns_desktop&quot;:3,&quot;gutter_hr&quot;:15,&quot;gutter_hr_mobile&quot;:15,&quot;gutter_hr_mobile_extra&quot;:15,&quot;gutter_hr_tablet&quot;:15,&quot;gutter_hr_tablet_extra&quot;:15,&quot;gutter_hr_laptop&quot;:15,&quot;gutter_hr_widescreen&quot;:15,&quot;gutter_vr&quot;:15,&quot;gutter_vr_mobile&quot;:15,&quot;gutter_vr_mobile_extra&quot;:15,&quot;gutter_vr_tablet&quot;:15,&quot;gutter_vr_tablet_extra&quot;:15,&quot;gutter_vr_laptop&quot;:15,&quot;gutter_vr_widescreen&quot;:15,&quot;animation&quot;:&quot;default&quot;,&quot;animation_duration&quot;:0.3,&quot;animation_delay&quot;:0.1,&quot;deeplinking&quot;:&quot;&quot;,&quot;filters_linkable&quot;:&quot;no&quot;,&quot;filters_default_filter&quot;:&quot;&quot;,&quot;filters_count&quot;:&quot;&quot;,&quot;filters_hide_empty&quot;:&quot;no&quot;,&quot;filters_animation&quot;:&quot;default&quot;,&quot;filters_animation_duration&quot;:0.3,&quot;filters_animation_delay&quot;:0.1,&quot;pagination_type&quot;:&quot;load-more&quot;,&quot;pagination_max_pages&quot;:1,&quot;lightbox&quot;:{&quot;selector&quot;:&quot;.wpr-grid-image-wrap&quot;,&quot;iframeMaxWidth&quot;:&quot;60%&quot;,&quot;hash&quot;:false,&quot;autoplay&quot;:&quot;&quot;,&quot;pause&quot;:5000,&quot;progressBar&quot;:&quot;true&quot;,&quot;counter&quot;:&quot;&quot;,&quot;controls&quot;:&quot;true&quot;,&quot;getCaptionFromTitleOrAlt&quot;:&quot;true&quot;,&quot;thumbnail&quot;:&quot;&quot;,&quot;showThumbByDefault&quot;:&quot;&quot;,&quot;share&quot;:&quot;&quot;,&quot;zoom&quot;:&quot;true&quot;,&quot;fullScreen&quot;:&quot;true&quot;,&quot;download&quot;:&quot;true&quot;}}\" data-advanced-filters=\"no\"><article class=\"wpr-grid-item elementor-clearfix post-1727 post type-post status-publish format-standard hentry category-uncategorized tag-25 tag-26 tag-23 tag-24\"><div class=\"wpr-grid-item-inner\"><div class=\"wpr-grid-item-below-content elementor-clearfix\"><h2 class=\"wpr-grid-item-title elementor-repeater-item-9f1b266 wpr-grid-item-display-block wpr-grid-item-align-left wpr-pointer-none wpr-pointer-line-fx wpr-pointer-fx-fade\"><div class=\"inner-block\"><a target=\"_self\"  href=\"https:\/\/riyadhmetroinfo.com\/ar\/%d8%ae%d8%b1%d9%8a%d8%b7%d8%a9-%d9%85%d8%aa%d8%b1%d9%88-%d8%a7%d9%84%d8%b1%d9%8a%d8%a7%d8%b6-%d8%a8%d8%a7%d9%84%d8%aa%d9%81%d8%b5%d9%8a%d9%84\/\">\u062e\u0631\u064a\u0637\u0629 \u0645\u062a\u0631\u0648 \u0627\u0644\u0631\u064a\u0627\u0636 \u0628\u0627\u0644\u062a\u0641\u0635\u064a\u0644<\/a><\/div><\/h2><div class=\"wpr-grid-item-date elementor-repeater-item-38a219a wpr-grid-item-display-inline wpr-grid-item-align-left\"><div class=\"inner-block\"><span>\u0623\u0643\u062a\u0648\u0628\u0631 24, 2025<span class=\"wpr-grid-extra-text-right\"><\/span><\/span><\/div><\/div><div class=\"wpr-grid-item-excerpt elementor-repeater-item-13f1e03 wpr-grid-item-display-block wpr-grid-item-align-left\"><div class=\"inner-block\"><p>\u062e\u0631\u064a\u0637\u0629 \u0645\u062a\u0631\u0648 \u0627\u0644\u0631\u064a\u0627\u0636 \u0628\u0627\u0644\u062a\u0641\u0635\u064a\u0644 \u0627\u0643\u062a\u0634\u0641 \u0643\u064a\u0641 \u064a\u0631\u0628\u0637 \u0645\u062a\u0631\u0648 \u0627\u0644\u0631\u064a\u0627\u0636 \u0627\u0644\u062d\u062f\u064a\u062b \u062c\u0645\u064a\u0639 \u0645\u0646\u0627\u0637\u0642 \u0627\u0644\u0639\u0627\u0635\u0645\u0629 \u0639\u0628\u0631 \u0633\u062a\u0629 \u062e\u0637\u0648\u0637 \u0631\u0626\u064a\u0633\u064a\u0629 \u0648\u0645\u062d\u0637\u0627\u062a \u0645\u062a\u0637\u0648\u0631\u0629. \u0627\u0633\u062a\u0639\u0631\u0636...<\/p><\/div><\/div><div class=\"wpr-grid-item-read-more elementor-repeater-item-89f8075 wpr-grid-item-display-block wpr-grid-item-align-left\"><div class=\"inner-block\"><a target=\"_self\" href=\"https:\/\/riyadhmetroinfo.com\/ar\/%d8%ae%d8%b1%d9%8a%d8%b7%d8%a9-%d9%85%d8%aa%d8%b1%d9%88-%d8%a7%d9%84%d8%b1%d9%8a%d8%a7%d8%b6-%d8%a8%d8%a7%d9%84%d8%aa%d9%81%d8%b5%d9%8a%d9%84\/\" class=\"wpr-button-effect wpr-button-none\"><span>Read More<\/span><\/a><\/div><\/div><\/div><\/div><\/article><article class=\"wpr-grid-item elementor-clearfix post-1719 post type-post status-publish format-standard hentry category-uncategorized tag-carte-metro-riyad tag-lignes-metro-riyad tag-metro-riyad-2025 tag-plan-metro-riyad\"><div class=\"wpr-grid-item-inner\"><div class=\"wpr-grid-item-below-content elementor-clearfix\"><h2 class=\"wpr-grid-item-title elementor-repeater-item-9f1b266 wpr-grid-item-display-block wpr-grid-item-align-left wpr-pointer-none wpr-pointer-line-fx wpr-pointer-fx-fade\"><div class=\"inner-block\"><a target=\"_self\"  href=\"https:\/\/riyadhmetroinfo.com\/ar\/hhhhh\/\">Carte du m\u00e9tro de Riyad 2025<\/a><\/div><\/h2><div class=\"wpr-grid-item-date elementor-repeater-item-38a219a wpr-grid-item-display-inline wpr-grid-item-align-left\"><div class=\"inner-block\"><span>\u0623\u0643\u062a\u0648\u0628\u0631 23, 2025<span class=\"wpr-grid-extra-text-right\"><\/span><\/span><\/div><\/div><div class=\"wpr-grid-item-excerpt elementor-repeater-item-13f1e03 wpr-grid-item-display-block wpr-grid-item-align-left\"><div class=\"inner-block\"><p>Carte du m\u00e9tro de Riyad 2025 La carte du m\u00e9tro de Riyad 2025 montre comment la capitale est reli\u00e9e par...<\/p><\/div><\/div><div class=\"wpr-grid-item-read-more elementor-repeater-item-89f8075 wpr-grid-item-display-block wpr-grid-item-align-left\"><div class=\"inner-block\"><a target=\"_self\" href=\"https:\/\/riyadhmetroinfo.com\/ar\/hhhhh\/\" class=\"wpr-button-effect wpr-button-none\"><span>Read More<\/span><\/a><\/div><\/div><\/div><\/div><\/article><article class=\"wpr-grid-item elementor-clearfix post-436 post type-post status-publish format-standard has-post-thumbnail hentry category-uncategorized\"><div class=\"wpr-grid-item-inner\"><div class=\"wpr-grid-media-wrap wpr-blur-in wpr-effect-size-medium\" data-overlay-link=\"yes\"><div class=\"wpr-grid-image-wrap\" data-src=\"https:\/\/riyadhmetroinfo.com\/wp-content\/uploads\/2025\/10\/South-Depot-Image-02-1-scaled-2-1536x864-1.jpg\" data-img-on-hover=\"\"  data-src-secondary=\"\"><img decoding=\"async\" data-no-lazy=\"1\" src=\"https:\/\/riyadhmetroinfo.com\/wp-content\/uploads\/2025\/10\/South-Depot-Image-02-1-scaled-2-1536x864-1.jpg\" alt=\"How to Recharge Your Riyadh Metro Card Online?\" class=\"wpr-anim-timing-ease-default\"><\/div><div class=\"wpr-grid-media-hover wpr-animation-wrap\"><div class=\"wpr-grid-media-hover-bg  wpr-overlay-fade-in wpr-anim-size-large wpr-anim-timing-ease-default wpr-anim-transparency\" data-url=\"https:\/\/riyadhmetroinfo.com\/ar\/how-to-recharge-your-riyadh-metro-card-online\/\"><\/div><\/div><\/div><div class=\"wpr-grid-item-below-content elementor-clearfix\"><h2 class=\"wpr-grid-item-title elementor-repeater-item-9f1b266 wpr-grid-item-display-block wpr-grid-item-align-left wpr-pointer-none wpr-pointer-line-fx wpr-pointer-fx-fade\"><div class=\"inner-block\"><a target=\"_self\"  href=\"https:\/\/riyadhmetroinfo.com\/ar\/how-to-recharge-your-riyadh-metro-card-online\/\">How to Recharge Your Riyadh Metro Card Online?<\/a><\/div><\/h2><div class=\"wpr-grid-item-date elementor-repeater-item-38a219a wpr-grid-item-display-inline wpr-grid-item-align-left\"><div class=\"inner-block\"><span>\u0623\u0643\u062a\u0648\u0628\u0631 2, 2025<span class=\"wpr-grid-extra-text-right\"><\/span><\/span><\/div><\/div><div class=\"wpr-grid-item-excerpt elementor-repeater-item-13f1e03 wpr-grid-item-display-block wpr-grid-item-align-left\"><div class=\"inner-block\"><p>Tired of waiting in long queues just to recharge your Riyadh Metro card? You\u2019re not alone. Many daily commuters in...<\/p><\/div><\/div><div class=\"wpr-grid-item-read-more elementor-repeater-item-89f8075 wpr-grid-item-display-block wpr-grid-item-align-left\"><div class=\"inner-block\"><a target=\"_self\" href=\"https:\/\/riyadhmetroinfo.com\/ar\/how-to-recharge-your-riyadh-metro-card-online\/\" class=\"wpr-button-effect wpr-button-none\"><span>Read More<\/span><\/a><\/div><\/div><\/div><\/div><\/article><\/section>\t\t\t\t<\/div>\n\t\t\t\t\t<\/div>\n\t\t\t\t<\/div>\n\t\t\t\t<\/div>","protected":false},"excerpt":{"rendered":"<p>Our Blog All Posts The Power of Data: AI Case Studies Driving Business Excellence February 7, 2024 Certain but she but shyness why cottage. Gay the put instrument sir entreaties affronting. Pretended exquisite see cordially the you&#8230;. Read More Smart Solutions: Realizing Business Goals with AI &#8211; A Case Study February 7, 2024 Certain but she but shyness why cottage. Gay the put instrument sir entreaties affronting. Pretended exquisite see cordially the you&#8230;. Read More Precision in Practice: Real-world Impact of AI \u2013 A Case Study February 7, 2024 Certain but she but shyness why cottage. Gay the put instrument sir entreaties affronting. Pretended exquisite see cordially the you&#8230;. Read More Navigating Complexity: An AI Case Study in Problem Solving February 7, 2024 Certain but she but shyness why cottage. Gay the put instrument sir entreaties affronting. Pretended exquisite see cordially the you&#8230;. Read More<\/p>","protected":false},"author":1,"featured_media":0,"parent":0,"menu_order":0,"comment_status":"closed","ping_status":"closed","template":"elementor_header_footer","meta":{"footnotes":""},"class_list":["post-1576","page","type-page","status-publish","hentry"],"_hostinger_reach_plugin_has_subscription_block":false,"_hostinger_reach_plugin_is_elementor":false,"jetpack_sharing_enabled":true,"_links":{"self":[{"href":"https:\/\/riyadhmetroinfo.com\/ar\/wp-json\/wp\/v2\/pages\/1576","targetHints":{"allow":["GET"]}}],"collection":[{"href":"https:\/\/riyadhmetroinfo.com\/ar\/wp-json\/wp\/v2\/pages"}],"about":[{"href":"https:\/\/riyadhmetroinfo.com\/ar\/wp-json\/wp\/v2\/types\/page"}],"author":[{"embeddable":true,"href":"https:\/\/riyadhmetroinfo.com\/ar\/wp-json\/wp\/v2\/users\/1"}],"replies":[{"embeddable":true,"href":"https:\/\/riyadhmetroinfo.com\/ar\/wp-json\/wp\/v2\/comments?post=1576"}],"version-history":[{"count":25,"href":"https:\/\/riyadhmetroinfo.com\/ar\/wp-json\/wp\/v2\/pages\/1576\/revisions"}],"predecessor-version":[{"id":1601,"href":"https:\/\/riyadhmetroinfo.com\/ar\/wp-json\/wp\/v2\/pages\/1576\/revisions\/1601"}],"wp:attachment":[{"href":"https:\/\/riyadhmetroinfo.com\/ar\/wp-json\/wp\/v2\/media?parent=1576"}],"curies":[{"name":"wp","href":"https:\/\/api.w.org\/{rel}","templated":true}]}}